{"id":9,"date":"2019-09-25T20:50:02","date_gmt":"2019-09-25T18:50:02","guid":{"rendered":"http:\/\/nachtwaechter-zunft.ch\/?page_id=9"},"modified":"2019-09-25T21:02:52","modified_gmt":"2019-09-25T19:02:52","slug":"ueber-uns","status":"publish","type":"page","link":"http:\/\/nachtwaechter-zunft.ch\/?page_id=9","title":{"rendered":"\u00dcber uns"},"content":{"rendered":"<p><strong>Zum 25-j\u00e4hrigen Jubil\u00e4um im Jahre 2017<\/strong><\/p>\n<p>25ig Johr si mer Nachtw\u00e4chter das Johr uf de Gass<br \/>\nund hei aus Waggis jedes Johr en herrleche Spass<br \/>\nim Auguscht 1992 so heissts und sisch eus bliebe<br \/>\nhet d\u2019Cathrin das R\u00e4tschwyb \u00fcses Gr\u00fcndigsprotokoll gschriebe<\/p>\n<p>Als W\u00f6udi simer zersch go singe und ad Fasnacht \u2013 das het no m\u00fcese lange<br \/>\nerscht sp\u00f6ter denn si mer 1999 id Fuko gange<br \/>\nF\u00f6rs mitmache hents \u00fcs 40 Milione zahlt, es het sech f\u00fcr \u00fcs glohnt<br \/>\nDef\u00f6r hemmer se denn im 2007 mitem Tobie, \u00fcsem erschte Obernaar belohnt<\/p>\n<p>Bekannt isch au \u00fcse Zunftch\u00e4ller a de Ringstross \u2013 scho fasch legend\u00e4r<br \/>\n\u00c4r isch einisch im Johr am Hilari offe und denne alles andere als l\u00e4\u00e4r<br \/>\nAr Fasnacht singe meer Schnitzelb\u00e4nk m\u00e4ngisch sogar mit Poesie<br \/>\nDe Wilhelm Tell vom Mani Matter liefert derzue eusi Melodie<\/p>\n<p>S\u2019gr\u00f6sschte denne isch der Umzug am Sunntig jedes Joohr<br \/>\nUnd speziell zu eusem Obernaar \u2013 es isch woohr<br \/>\nHemmer 2 Tonne Kompfetti bsorgt f\u00f6rs Publikum<br \/>\nSisch m\u00e4ngisch schaad isch de Umzug so schn\u00e4ll um<\/p>\n<p>16 Nachtw\u00e4chter und euse Obernaar Role<br \/>\nw\u00f6nt euch ar Fasnacht usem N\u00e4scht und uf d\u2019Gasse hole<br \/>\nMer freue eus, es werd es riese Fescht<br \/>\nMit eusem Sujet: Oute W\u00f6ud Wescht<\/p>\n<p>Sch\u00f6ni Fasnacht!<\/p>\n","protected":false},"excerpt":{"rendered":"<p>Zum 25-j\u00e4hrigen Jubil\u00e4um im Jahre 2017 25ig Johr si mer Nachtw\u00e4chter das Johr uf de Gass und hei aus Waggis jedes Johr en herrleche Spass im Auguscht 1992 so heissts und sisch eus bliebe het d\u2019Cathrin das R\u00e4tschwyb \u00fcses Gr\u00fcndigsprotokoll gschriebe Als W\u00f6udi simer zersch go singe und ad Fasnacht \u2013 das het no m\u00fcese &hellip; <\/p>\n<p class=\"link-more\"><a href=\"http:\/\/nachtwaechter-zunft.ch\/?page_id=9\" class=\"more-link\"><span class=\"screen-reader-text\">&#171;\u00dcber uns&#187;<\/span> weiterlesen<\/a><\/p>\n","protected":false},"author":1,"featured_media":0,"parent":0,"menu_order":0,"comment_status":"closed","ping_status":"closed","template":"","meta":{"footnotes":""},"class_list":["post-9","page","type-page","status-publish","hentry"],"_links":{"self":[{"href":"http:\/\/nachtwaechter-zunft.ch\/index.php?rest_route=\/wp\/v2\/pages\/9","targetHints":{"allow":["GET"]}}],"collection":[{"href":"http:\/\/nachtwaechter-zunft.ch\/index.php?rest_route=\/wp\/v2\/pages"}],"about":[{"href":"http:\/\/nachtwaechter-zunft.ch\/index.php?rest_route=\/wp\/v2\/types\/page"}],"author":[{"embeddable":true,"href":"http:\/\/nachtwaechter-zunft.ch\/index.php?rest_route=\/wp\/v2\/users\/1"}],"replies":[{"embeddable":true,"href":"http:\/\/nachtwaechter-zunft.ch\/index.php?rest_route=%2Fwp%2Fv2%2Fcomments&post=9"}],"version-history":[{"count":2,"href":"http:\/\/nachtwaechter-zunft.ch\/index.php?rest_route=\/wp\/v2\/pages\/9\/revisions"}],"predecessor-version":[{"id":40,"href":"http:\/\/nachtwaechter-zunft.ch\/index.php?rest_route=\/wp\/v2\/pages\/9\/revisions\/40"}],"wp:attachment":[{"href":"http:\/\/nachtwaechter-zunft.ch\/index.php?rest_route=%2Fwp%2Fv2%2Fmedia&parent=9"}],"curies":[{"name":"wp","href":"https:\/\/api.w.org\/{rel}","templated":true}]}}